{"id":16,"date":"2025-08-20T22:25:14","date_gmt":"2025-08-20T22:25:14","guid":{"rendered":"https:\/\/aerolatam.com\/?page_id=16"},"modified":"2025-08-21T01:34:08","modified_gmt":"2025-08-21T01:34:08","slug":"landing","status":"publish","type":"page","link":"https:\/\/aerolatam.com\/","title":{"rendered":"Landing"},"content":{"rendered":"\t\t<div data-elementor-type=\"wp-page\" data-elementor-id=\"16\" class=\"elementor elementor-16\" data-elementor-post-type=\"page\">\n\t\t\t\t<div class=\"elementor-element elementor-element-97015b9 e-flex e-con-boxed e-con e-parent\" data-id=\"97015b9\" data-element_type=\"container\">\n\t\t\t\t\t<div class=\"e-con-inner\">\n\t\t\t\t<div class=\"elementor-element elementor-element-1f9f2d7 elementor-widget elementor-widget-image\" data-id=\"1f9f2d7\" data-element_type=\"widget\" data-widget_type=\"image.default\">\n\t\t\t\t\t\t\t\t\t\t\t\t\t\t\t<img fetchpriority=\"high\" decoding=\"async\" width=\"500\" height=\"103\" src=\"https:\/\/aerolatam.com\/wp-content\/uploads\/2025\/08\/Logo.png\" class=\"attachment-large size-large wp-image-30\" alt=\"\" srcset=\"https:\/\/aerolatam.com\/wp-content\/uploads\/2025\/08\/Logo.png 500w, https:\/\/aerolatam.com\/wp-content\/uploads\/2025\/08\/Logo-300x62.png 300w\" sizes=\"(max-width: 500px) 100vw, 500px\" \/>\t\t\t\t\t\t\t\t\t\t\t\t\t\t\t<\/div>\n\t\t\t\t\t<\/div>\n\t\t\t\t<\/div>\n\t\t<div class=\"elementor-element elementor-element-4bea792 e-flex e-con-boxed e-con e-parent\" data-id=\"4bea792\" data-element_type=\"container\" data-settings=\"{&quot;background_background&quot;:&quot;gradient&quot;}\">\n\t\t\t\t\t<div class=\"e-con-inner\">\n\t\t\t\t<div class=\"elementor-element elementor-element-9ba5c89 elementor-widget elementor-widget-image\" data-id=\"9ba5c89\" data-element_type=\"widget\" data-widget_type=\"image.default\">\n\t\t\t\t\t\t\t\t\t\t\t\t\t\t\t<img decoding=\"async\" width=\"800\" height=\"800\" src=\"https:\/\/aerolatam.com\/wp-content\/uploads\/2025\/08\/1-DE-OCTUBRE-DE-2025.png\" class=\"attachment-large size-large wp-image-18\" alt=\"\" srcset=\"https:\/\/aerolatam.com\/wp-content\/uploads\/2025\/08\/1-DE-OCTUBRE-DE-2025.png 1000w, https:\/\/aerolatam.com\/wp-content\/uploads\/2025\/08\/1-DE-OCTUBRE-DE-2025-300x300.png 300w, https:\/\/aerolatam.com\/wp-content\/uploads\/2025\/08\/1-DE-OCTUBRE-DE-2025-150x150.png 150w, https:\/\/aerolatam.com\/wp-content\/uploads\/2025\/08\/1-DE-OCTUBRE-DE-2025-768x768.png 768w\" sizes=\"(max-width: 800px) 100vw, 800px\" \/>\t\t\t\t\t\t\t\t\t\t\t\t\t\t\t<\/div>\n\t\t\t\t<div class=\"elementor-element elementor-element-993206e elementor-countdown--label-block elementor-widget elementor-widget-countdown\" data-id=\"993206e\" data-element_type=\"widget\" data-widget_type=\"countdown.default\">\n\t\t\t\t\t\t\t<div class=\"elementor-countdown-wrapper\" data-date=\"1759358220\">\n\t\t\t<div class=\"elementor-countdown-item\"><span class=\"elementor-countdown-digits elementor-countdown-days\"><\/span> <span class=\"elementor-countdown-label\">D\u00edas<\/span><\/div><div class=\"elementor-countdown-item\"><span class=\"elementor-countdown-digits elementor-countdown-hours\"><\/span> <span class=\"elementor-countdown-label\">Horas<\/span><\/div><div class=\"elementor-countdown-item\"><span class=\"elementor-countdown-digits elementor-countdown-minutes\"><\/span> <span class=\"elementor-countdown-label\">Minutos<\/span><\/div><div class=\"elementor-countdown-item\"><span class=\"elementor-countdown-digits elementor-countdown-seconds\"><\/span> <span class=\"elementor-countdown-label\">Segundos<\/span><\/div>\t\t<\/div>\n\t\t\t\t\t\t<\/div>\n\t\t\t\t<div class=\"elementor-element elementor-element-c4bb6cb elementor-widget-mobile__width-auto elementor-widget elementor-widget-text-editor\" data-id=\"c4bb6cb\" data-element_type=\"widget\" data-widget_type=\"text-editor.default\">\n\t\t\t\t\t\t\t\t\t<p style=\"text-align: center;\">Muy pronto despegar\u00e1s con nosotros. Aerolatam estar\u00e1 disponible en iOS y Android para que reserves tus vuelos privados con total comodidad.<\/p>\t\t\t\t\t\t\t\t<\/div>\n\t\t\t\t<div class=\"elementor-element elementor-element-5fa2c26 elementor-widget elementor-widget-image\" data-id=\"5fa2c26\" data-element_type=\"widget\" data-widget_type=\"image.default\">\n\t\t\t\t\t\t\t\t\t\t\t\t\t\t\t<img decoding=\"async\" width=\"250\" height=\"132\" src=\"https:\/\/aerolatam.com\/wp-content\/uploads\/2025\/08\/AeroLatam-Icons.png\" class=\"attachment-large size-large wp-image-68\" alt=\"\" \/>\t\t\t\t\t\t\t\t\t\t\t\t\t\t\t<\/div>\n\t\t\t\t\t<\/div>\n\t\t\t\t<\/div>\n\t\t<div class=\"elementor-element elementor-element-37602a27 e-con-full e-flex e-con e-parent\" data-id=\"37602a27\" data-element_type=\"container\" data-settings=\"{&quot;background_background&quot;:&quot;classic&quot;}\">\n\t\t<div class=\"elementor-element elementor-element-75effac5 e-con-full e-flex e-con e-child\" data-id=\"75effac5\" data-element_type=\"container\" data-settings=\"{&quot;background_background&quot;:&quot;classic&quot;}\">\n\t\t\t\t<\/div>\n\t\t<div class=\"elementor-element elementor-element-6ca61b6b e-con-full e-flex e-con e-child\" data-id=\"6ca61b6b\" data-element_type=\"container\">\n\t\t\t\t<div class=\"elementor-element elementor-element-3e0d4c1b elementor-widget elementor-widget-heading\" data-id=\"3e0d4c1b\" data-element_type=\"widget\" data-widget_type=\"heading.default\">\n\t\t\t\t\t<h2 class=\"elementor-heading-title elementor-size-default\">\u00danete a nuestra newsletter<\/h2>\t\t\t\t<\/div>\n\t\t\t\t<div class=\"elementor-element elementor-element-12a0803d elementor-widget elementor-widget-text-editor\" data-id=\"12a0803d\" data-element_type=\"widget\" data-widget_type=\"text-editor.default\">\n\t\t\t\t\t\t\t\t\t<p style=\"text-align: center;\" data-start=\"134\" data-end=\"275\">Recibe antes que nadie novedades sobre vuelos privados, destinos exclusivos y beneficios \u00fanicos para nuestros clientes.<\/p><p data-start=\"277\" data-end=\"317\">\u00a0<\/p>\t\t\t\t\t\t\t\t<\/div>\n\t\t\t\t<div class=\"elementor-element elementor-element-492cf1e2 elementor-widget__width-initial elementor-widget-tablet__width-inherit elementor-button-align-stretch elementor-widget elementor-widget-form\" data-id=\"492cf1e2\" data-element_type=\"widget\" data-settings=\"{&quot;step_next_label&quot;:&quot;Next&quot;,&quot;step_previous_label&quot;:&quot;Previous&quot;,&quot;button_width&quot;:&quot;20&quot;,&quot;step_type&quot;:&quot;number_text&quot;,&quot;step_icon_shape&quot;:&quot;circle&quot;}\" data-widget_type=\"form.default\">\n\t\t\t\t\t\t\t<form class=\"elementor-form\" method=\"post\" name=\"WorkShop\" aria-label=\"WorkShop\">\n\t\t\t<input type=\"hidden\" name=\"post_id\" value=\"16\"\/>\n\t\t\t<input type=\"hidden\" name=\"form_id\" value=\"492cf1e2\"\/>\n\t\t\t<input type=\"hidden\" name=\"referer_title\" value=\"\" \/>\n\n\t\t\t\t\t\t\t<input type=\"hidden\" name=\"queried_id\" value=\"16\"\/>\n\t\t\t\n\t\t\t<div class=\"elementor-form-fields-wrapper elementor-labels-\">\n\t\t\t\t\t\t\t\t<div class=\"elementor-field-type-email elementor-field-group elementor-column elementor-field-group-email elementor-col-75 elementor-field-required\">\n\t\t\t\t\t\t\t\t\t\t\t\t<label for=\"form-field-email\" class=\"elementor-field-label elementor-screen-only\">\n\t\t\t\t\t\t\t\tEmail\t\t\t\t\t\t\t<\/label>\n\t\t\t\t\t\t\t\t\t\t\t\t\t\t<input size=\"1\" type=\"email\" name=\"form_fields[email]\" id=\"form-field-email\" class=\"elementor-field elementor-size-lg  elementor-field-textual\" placeholder=\"Ingrese su email\" required=\"required\">\n\t\t\t\t\t\t\t\t\t\t\t<\/div>\n\t\t\t\t\t\t\t\t<div class=\"elementor-field-group elementor-column elementor-field-type-submit elementor-col-20 e-form__buttons\">\n\t\t\t\t\t<button class=\"elementor-button elementor-size-lg elementor-animation-grow\" type=\"submit\">\n\t\t\t\t\t\t<span class=\"elementor-button-content-wrapper\">\n\t\t\t\t\t\t\t\t\t\t\t\t\t\t\t\t\t\t\t\t\t\t<span class=\"elementor-button-text\">Suscribirse<\/span>\n\t\t\t\t\t\t\t\t\t\t\t\t\t<\/span>\n\t\t\t\t\t<\/button>\n\t\t\t\t<\/div>\n\t\t\t<\/div>\n\t\t<\/form>\n\t\t\t\t\t\t<\/div>\n\t\t\t\t<\/div>\n\t\t\t\t<\/div>\n\t\t\t\t<\/div>\n\t\t","protected":false},"excerpt":{"rendered":"<p>D\u00edas Horas Minutos Segundos Muy pronto despegar\u00e1s con nosotros. Aerolatam estar\u00e1 disponible en iOS y Android para que reserves tus vuelos privados con total comodidad. \u00danete a nuestra newsletter Recibe antes que nadie novedades sobre vuelos privados, destinos exclusivos y beneficios \u00fanicos para nuestros clientes. \u00a0<\/p>\n","protected":false},"author":1,"featured_media":0,"parent":0,"menu_order":0,"comment_status":"closed","ping_status":"closed","template":"elementor_canvas","meta":{"footnotes":""},"class_list":["post-16","page","type-page","status-publish","hentry"],"_links":{"self":[{"href":"https:\/\/aerolatam.com\/index.php\/wp-json\/wp\/v2\/pages\/16","targetHints":{"allow":["GET"]}}],"collection":[{"href":"https:\/\/aerolatam.com\/index.php\/wp-json\/wp\/v2\/pages"}],"about":[{"href":"https:\/\/aerolatam.com\/index.php\/wp-json\/wp\/v2\/types\/page"}],"author":[{"embeddable":true,"href":"https:\/\/aerolatam.com\/index.php\/wp-json\/wp\/v2\/users\/1"}],"replies":[{"embeddable":true,"href":"https:\/\/aerolatam.com\/index.php\/wp-json\/wp\/v2\/comments?post=16"}],"version-history":[{"count":58,"href":"https:\/\/aerolatam.com\/index.php\/wp-json\/wp\/v2\/pages\/16\/revisions"}],"predecessor-version":[{"id":94,"href":"https:\/\/aerolatam.com\/index.php\/wp-json\/wp\/v2\/pages\/16\/revisions\/94"}],"wp:attachment":[{"href":"https:\/\/aerolatam.com\/index.php\/wp-json\/wp\/v2\/media?parent=16"}],"curies":[{"name":"wp","href":"https:\/\/api.w.org\/{rel}","templated":true}]}}